{"id":1387,"date":"2020-05-08T08:05:52","date_gmt":"2020-05-08T08:05:52","guid":{"rendered":"https:\/\/www.joeandanna.co.uk\/product\/square-original-giclee-poster-print-59\/"},"modified":"2022-10-12T16:05:14","modified_gmt":"2022-10-12T16:05:14","slug":"square-original-giclee-poster-print-59","status":"publish","type":"product","link":"https:\/\/www.joeandanna.co.uk\/?product=square-original-giclee-poster-print-59","title":{"rendered":"SQUARE Original Gicl\u00e9e Poster\/ Print (59)"},"content":{"rendered":"<p>Buy Wall Art online at Joe and Anna Marketplace.<\/p>\n<p>At Joe and Anna we offer a wide range of stylish posters and prints showcasing the latest design trends \u2013 and always with great prices and high quality. With our wide assortment of trendy art designs, we understand the effect good wall art can have on your home. Our\u00a0posters\u00a0let you show who lives there and let you convey the feeling you wish your home to impart with very simple means. Art should be for everyone, and by offering a variety of different designs and art posters, we hope you will find those that are perfect for you. At Joe and Anna, you will always find inspiration for you interior style, whether you want to decorate a bedroom, a small hallway, an office or an entire home! We have affordable wall\u00a0art for all rooms and occasions.<\/p>\n<p>Online, you will find gorgeous posters and\u00a0wall art with all sorts of styles and art forms. We offer a wide range of photo posters, classic black-and-white prints, cool retro-posters, modern art, illustrations, beautiful children\u2019s posters and much more. Explore our art posters created by the very talented Mick McGurk. Mick ensures that as designers, we are always at the forefront and that we keep up with the latest trends in art and interior design. All of our wall posters and prints that are sold by Joe and Anna, are unique and exclusive to us.\u00a0<\/p>\n<p>We continuously update our range with new products and designs \u2013 check out our\u00a0 page to see how you can combine our different posters into a stylish gallery wall and how to match them with the rest of your interior elements. <span>Keep yourself updated on interior design<\/span> trends and new releases by signing up for our newsletter. We are also on Instagram and Facebook \u2013 follow @joeandannamarketplace so that you never miss out on new items and exclusive offers.<\/p>\n<p>Create your own personal gallery at www.joeandannamarketplace.co.uk<\/p>\n<p><span data-product-details-description-text-content=\"\">This is an original artwork that can be printed as a square 210 x 210, 297 x 297, 420 x 420 (mm)<br \/>The listing is for a SINGLE print but in the last pictures you can see how they look 2 prints together, and as lifestyle images.<br \/>It includes also a version with plain white background.<\/p>\n<p>If you need another size, please contact me and I can resize it for you.<\/span><\/p>\n<p><span data-product-details-description-text-content=\"\">This purchase is for Personal Use Only. Please not resell, reproduce, distribute by electronic means or profit in any way.<\/span><\/p>\n<p>\u00a0<\/p>\n<p><span data-product-details-description-text-content=\"\">A brief history of gicl\u00e9e printing<br \/>The word Gicl\u00e9e (&#8220;gee-clay&#8221;), is based on the French verb gicler which means &#8220;to squirt or spray\u201d and was originally coined by printmaker Jack Duganne in 1991. Gicl\u00e9e printing is a fine art digital printing method using specialist archival pigment inks and acid-free papers; creating gallery-quality inkjet prints with excellent depth of colour, longevity and stability.<br \/>The print process involves squirting microscopic dots of pigment ink onto high-quality fine art or photographic papers using sophisticated high-end inkjet printers with exceptional accuracy, wide tonal range and colour gamut.<br \/>Studies have shown that Giclee Prints colour vividness can last in excess of 200 years with tests by independent bodies such as Wilhelm Research and printer manufacturers such as Epson. This gives assurance to collectors and art buyers of this type of printing method.<\/span><\/p>\n<p><span data-product-details-description-text-content=\"\">Print resolution<br \/>Gicl\u00e9e printers have a higher dot per square inch resolution than normal inkjet printers, allowing you to do justice to high quality image files to produce finer, less pixelated prints than you could with a home inkjet printer. <br \/>Colour range<br \/>Like your home inkjet printer, professional Gicl\u00e9e printers use the CMYK colour process, except that they feature a multiple ink cartridge, 8 channel printhead based on the CMYK colour model, adding light magenta, light cyan and 3 levels of black. In combination, our true Gicl\u00e9e prints deliver unrivalled colour accuracy with superior black &amp; whites, exceptional colour gamut and sublimely smooth gradient transitions.<br \/>Archival quality<br \/>Gicl\u00e9e printers use a higher quality of fade-resistant, archival, pigment-based inks. When applied to high quality archival substrates, this results in an unbeatable archival lifespan of up to 200 years.<\/span><\/p>\n<p><span data-product-details-description-text-content=\"\">At Joe and Anna we offer 4 different types of paper for your poster that you can choose from. <\/span><\/p>\n<p><span data-product-details-description-text-content=\"\">Canson Aquarelle<br \/>Canson Aquarelle Rag is another highly textured Gicl\u00e9e art paper in our range, offering strong reproduction of blacks and good colour intensity with a texture that holds the ink and catches the light. This Gicl\u00e9e paper has a white uncoated paper base, which together with the texture gives the artwork a lovely fine art reproduction feel. The texture is even more pronounced than Hahnem\u00fchle German Etching so if you are really looking for the craft feel, this is a great option. Like the German Etching, the Canson Aquarelle Rag is a robust paper that handles mounting well. <br \/><\/span><\/p>\n<p><span data-product-details-description-text-content=\"\">Weight (gsm) 310 <br \/>Finish Matte <br \/>Paper tone Warm white <br \/>Texture High texture <\/p>\n<p>Hahnem\u00fchle Bamboo<br \/>Bamboo is the world&#8217;s first digital fine art inkjet paper made from bamboo fibres. Bamboo represents naturalness and resource-saving paper production. Particularly suitable for warm-toned colour and monochrome prints.Hahnem\u00fchle Bamboo is made from 90% Bamboo fibres and 10% cotton combining photography with environmental friendliness. This natural warm-toned, smooth surfaced and optical brightening agent free genuine art paper offers maximum ageing resistance. It guarantees an extremely large colour gamut and high colour density. <\/p>\n<p>Weight (gsm) 290 <br \/>Finish Matt <br \/>Paper tone Warm Creamy Yellow <br \/>Texture Smooth <\/p>\n<p>Hahnem\u00fchle Photorag<br \/>The super matt finish of Hahnem\u00fcle Photorag makes this paper one of our most popular papers amongst artists, illustrators &amp; photographers alike. The paper gives muted blacks with even colour reproduction, and excellent detail. The surface has minimal texture with a chalky smooth cotton feel which creates smooth colour gradients. It has a delicate surface, so we recommend extra care when handling. Photorag is suitable for mounting but its cotton texture means edges can fray if not carefully handled. <br \/><\/span><\/p>\n<p><span data-product-details-description-text-content=\"\">Weight (gsm) 308 <br \/>Finish Matt <br \/>Paper tone Off White <br \/>Texture Smooth <\/p>\n<p>Hahnem\u00fchle German Etching<br \/>This heavyweight paper has a slightly warm base tone and a strong mottled texture. It creates a print with strong colours and deep blacks that feel rich and high in contrast. This is due to the texture of the paper enabling it to hold more ink and capture the light. The German Etching is one of our heavier weight Gicl\u00e9e art printing papers. With its weight and strong texture this paper gives an artwork a handmade crafted feel. Hahnem\u00fcle German Etching is a robust Gicl\u00e9e paper, meaning it doesn\u2019t tend to fray as much at the edges. <\/p>\n<p>Weight (gsm) 310 <br \/>Finish Matt <br \/>Paper tone Slightly Warm White <br \/>Texture High texture, spaced <br \/><\/span><\/p>\n","protected":false},"excerpt":{"rendered":"<p>Buy Wall Art online at Joe and Anna Marketplace. At Joe and Anna we offer a wide range of stylish posters and prints showcasing the latest design trends \u2013 and always with great prices and high quality. With our wide assortment of trendy art designs, we understand the effect good wall art can have on [&hellip;]<\/p>\n","protected":false},"featured_media":1400,"comment_status":"open","ping_status":"closed","template":"","meta":{"inline_featured_image":false,"_monsterinsights_skip_tracking":false,"_monsterinsights_sitenote_active":false,"_monsterinsights_sitenote_note":"","_monsterinsights_sitenote_category":0},"product_brand":[],"product_cat":[47],"product_tag":[49,50,51,52,53,54,17,55,56,19,20,21,22,23,57,58,59,61,60,62,63,24,25,64,26,27,28,29,30,65,66,67,68,31,69,70,32,71,72,73,33,74,76,75,77,78,34,35,36,79,80,81,82,83,38,84,85,86,39,40,87,88,89,90,41,91,42,92,93,94,95,46],"class_list":{"0":"post-1387","1":"product","2":"type-product","3":"status-publish","4":"has-post-thumbnail","6":"product_cat-joe-and-anna-marketplace","7":"product_tag-apothecary-jars","8":"product_tag-art-and-print","9":"product_tag-bathroom","10":"product_tag-beautiful","11":"product_tag-bedroom","12":"product_tag-bespoke","13":"product_tag-birthday-gifts","14":"product_tag-candle-jars","15":"product_tag-childrens-art","16":"product_tag-christmas-gifts","17":"product_tag-clean-burn","18":"product_tag-clean-living","19":"product_tag-coconut-and-soy-wax-natural-candles","20":"product_tag-coconut-and-soy-wax-natural-melts","21":"product_tag-dining-room","22":"product_tag-easter-gifts","23":"product_tag-end-of-term","24":"product_tag-fathers-day-2","25":"product_tag-fathers-day","26":"product_tag-giclee-print","27":"product_tag-gift-box","28":"product_tag-gifts","29":"product_tag-gifts-for-teacher","30":"product_tag-hallway","31":"product_tag-hand-made","32":"product_tag-hand-made-burners","33":"product_tag-hand-made-in-england","34":"product_tag-hand-poured","35":"product_tag-handmade","36":"product_tag-high-fragrance","37":"product_tag-high-scent","38":"product_tag-home","39":"product_tag-interior-design","40":"product_tag-joe-and-anna","41":"product_tag-kitchen","42":"product_tag-living-room","43":"product_tag-luxury","44":"product_tag-luxury-candles","45":"product_tag-luxury-gifts","46":"product_tag-luxury-oil-reed-diffuser","47":"product_tag-minimal-packaging","48":"product_tag-modern-art","49":"product_tag-mothers-day-2","50":"product_tag-mothers-day","51":"product_tag-natural-candles","52":"product_tag-natural-coconut-and-soy-wax-candles","53":"product_tag-natural-coconut-and-soy-wax-melts","54":"product_tag-new-home","55":"product_tag-new-home-gifts","56":"product_tag-office","57":"product_tag-original-design","58":"product_tag-original-print","59":"product_tag-phlalate-and-paraben-free-fragrance-oils","60":"product_tag-posters","61":"product_tag-presents","62":"product_tag-print","63":"product_tag-reed-diffusers","64":"product_tag-say-no-to-paraffin","65":"product_tag-scent-throw","66":"product_tag-stoneware-oil-burners","67":"product_tag-study","68":"product_tag-stunning","69":"product_tag-stylish","70":"product_tag-subscription","71":"product_tag-support-small-business","72":"product_tag-teacher-gifts","73":"product_tag-thank-you-gifts","74":"product_tag-traditional-art","75":"product_tag-trendy-poster","76":"product_tag-trendy-print","77":"product_tag-wall-art","78":"product_tag-wax-melts","80":"first","81":"instock","82":"shipping-taxable","83":"purchasable","84":"product-type-variable"},"_links":{"self":[{"href":"https:\/\/www.joeandanna.co.uk\/index.php?rest_route=\/wp\/v2\/product\/1387","targetHints":{"allow":["GET"]}}],"collection":[{"href":"https:\/\/www.joeandanna.co.uk\/index.php?rest_route=\/wp\/v2\/product"}],"about":[{"href":"https:\/\/www.joeandanna.co.uk\/index.php?rest_route=\/wp\/v2\/types\/product"}],"replies":[{"embeddable":true,"href":"https:\/\/www.joeandanna.co.uk\/index.php?rest_route=%2Fwp%2Fv2%2Fcomments&post=1387"}],"wp:featuredmedia":[{"embeddable":true,"href":"https:\/\/www.joeandanna.co.uk\/index.php?rest_route=\/wp\/v2\/media\/1400"}],"wp:attachment":[{"href":"https:\/\/www.joeandanna.co.uk\/index.php?rest_route=%2Fwp%2Fv2%2Fmedia&parent=1387"}],"wp:term":[{"taxonomy":"product_brand","embeddable":true,"href":"https:\/\/www.joeandanna.co.uk\/index.php?rest_route=%2Fwp%2Fv2%2Fproduct_brand&post=1387"},{"taxonomy":"product_cat","embeddable":true,"href":"https:\/\/www.joeandanna.co.uk\/index.php?rest_route=%2Fwp%2Fv2%2Fproduct_cat&post=1387"},{"taxonomy":"product_tag","embeddable":true,"href":"https:\/\/www.joeandanna.co.uk\/index.php?rest_route=%2Fwp%2Fv2%2Fproduct_tag&post=1387"}],"curies":[{"name":"wp","href":"https:\/\/api.w.org\/{rel}","templated":true}]}}